{"id":2653,"date":"2019-03-28T08:42:04","date_gmt":"2019-03-28T08:42:04","guid":{"rendered":"https:\/\/reterra.ee\/ettevottest\/"},"modified":"2024-08-30T12:21:06","modified_gmt":"2024-08-30T12:21:06","slug":"par-mums","status":"publish","type":"page","link":"https:\/\/vana.reterra.ee\/lv\/par-mums\/","title":{"rendered":"Par mums"},"content":{"rendered":"\n<h1 class=\"wp-block-heading has-text-align-center\">Kas m\u0113s esam?<\/h1>\n\n\n<div class=\"wp-block-image is-resized\">\n<figure class=\"aligncenter\"><img loading=\"lazy\" decoding=\"async\" width=\"58\" height=\"58\" src=\"https:\/\/reterra.ee\/wp-content\/uploads\/2023\/03\/Vector.png\" alt=\"\" class=\"wp-image-1620\" style=\"object-fit:cover;width:29px;height:29px\"\/><\/figure>\n<\/div>\n\n\n<p class=\"has-text-align-center\"><strong>M\u016bs paz\u012bst p\u0113c daudz k\u0101, ta\u010du m\u0113s nepaz\u016bdam kop\u0113j\u0101 p\u016bl\u012b. Ar katru jaunu dz\u012bvokli, biroju, pagalmu, ra\u017eo\u0161anas \u0113ku, nekustamo \u012bpa\u0161umu un projektu tiek atv\u0113rta jauna sada\u013ca.<\/strong><\/p>\n\n\n\n<p class=\"has-text-align-center\"><strong>Turkl\u0101t m\u016bsu m\u0113r\u0137is ir celt lab\u0101ku n\u0101kotni un veidot vidi, kas saglab\u0101s viengabalain\u012bbu un v\u0113rt\u012bbu gan tagad, gan p\u0113c daudziem gadiem.<\/strong><\/p>\n\n\n\n<p class=\"has-text-align-center\"><strong>M\u0113s str\u0101d\u0101jam v\u0113rien\u012bgi, ta\u010du neliel\u0101mies ar to. Veidojot kopainu, m\u0113s piev\u0113r\u0161am uzman\u012bbu ar\u012b vismaz\u0101kaj\u0101m deta\u013c\u0101m.<\/strong><\/p>\n\n\n\n<p class=\"has-text-align-center\"><strong>M\u0113s neko nesare\u017e\u0123\u012bjam, tom\u0113r g\u016bstam gandar\u012bjumu, kad sp\u0113jam tikt gal\u0101 ar gr\u016btiem izaicin\u0101jumiem. J\u0101, mums ir liela pieredze, tom\u0113r tas nenoz\u012bm\u0113, ka viss jau ir sasniegts.<\/strong><\/p>\n\n\n\n<p class=\"has-text-align-center\"><strong>M\u0113s cen\u0161amies raudz\u012bties uz visu ar svaigu skatu.<\/strong><br><strong>M\u0113s esam atv\u0113rti<\/strong><br><strong>visam jaunajam.<\/strong><\/p>\n\n\n<div class=\"wp-block-image is-resized\">\n<figure class=\"aligncenter\"><img loading=\"lazy\" decoding=\"async\" width=\"58\" height=\"58\" src=\"https:\/\/reterra.ee\/wp-content\/uploads\/2023\/03\/Vector.png\" alt=\"\" class=\"wp-image-1620\" style=\"object-fit:cover;width:29px;height:29px\"\/><\/figure>\n<\/div>\n\n\n<p><br>\u201c<strong>Reterra Estate O\u00dc<\/strong>\u201d ir Igaunijas nekustam\u0101 \u012bpa\u0161uma att\u012bst\u012bbas un invest\u012bciju uz\u0146\u0113mums, kura galvenie ieguld\u012bjumi ir saist\u012bti ar komerci\u0101l\u0101 nekustam\u0101 \u012bpa\u0161uma un dz\u012bvojamo m\u0101ju celtniec\u012bbas projektiem Tallin\u0101, Tartu un R\u012bg\u0101.<\/p>\n\n\n\n<p><strong>Komerci\u0101l\u0101 nekustam\u0101<\/strong> \u012bpa\u0161uma jom\u0101 galveno uzman\u012bbu piev\u0113r\u0161am birojiem, tom\u0113r m\u016bsu apb\u016bves projektu skait\u0101 past\u0101v\u012bgi pieaug tirdzniec\u012bbas un pakalpojumu snieg\u0161anas objektu da\u013ca. Mums ir diezgan pla\u0161as zin\u0101\u0161anas par individu\u0101li piel\u0101gotu celtniec\u012bbas risin\u0101jumu sagatavo\u0161anu IT uz\u0146\u0113mumiem, jaunuz\u0146\u0113mumiem un telekomunik\u0101ciju uz\u0146\u0113mumiem.<\/p>\n\n\n\n<p><strong>Veidojot dz\u012bvojamo<\/strong> m\u0101ju apb\u016bvi, galven\u0101 uzman\u012bba liel\u0101koties tiek piev\u0113rsta daudzdz\u012bvok\u013cu \u0113k\u0101m, turkl\u0101t izmantojot \u013coti augstv\u0113rt\u012bgus arhitektoniskos risin\u0101jumus un piesaistot vien\u012bgi lab\u0101kos arhitektu birojus, k\u0101 ar\u012b radot piem\u0113rotu cenas un v\u0113rt\u012bbas attiec\u012bbu, kas nodro\u0161ina augstu tirgus v\u0113rt\u012bbu un piesaista pirc\u0113ju uzman\u012bbu.<\/p>\n","protected":false},"excerpt":{"rendered":"Kas m\u0113s esam? M\u016bs paz\u012bst p\u0113c daudz k\u0101, ta\u010du m\u0113s nepaz\u016bdam kop\u0113j\u0101 p\u016bl\u012b. Ar katru jaunu dz\u012bvokli, biroju, pagalmu, ra\u017eo\u0161anas \u0113ku, nekustamo \u012bpa\u0161umu un projektu tiek atv\u0113rta jauna sada\u013ca. Turkl\u0101t m\u016bsu m\u0113r\u0137is ir celt lab\u0101ku n\u0101kotni un veidot vidi, kas saglab\u0101s viengabalain\u012bbu un v\u0113rt\u012bbu gan tagad, gan p\u0113c daudziem gadiem. M\u0113s str\u0101d\u0101jam v\u0113rien\u012bgi, ta\u010du neliel\u0101mies [&hellip;]","protected":false},"author":1,"featured_media":2654,"parent":0,"menu_order":0,"comment_status":"closed","ping_status":"closed","template":"page-templates\/template-company.php","meta":{"_acf_changed":false,"inline_featured_image":false,"footnotes":""},"class_list":["post-2653","page","type-page","status-publish","has-post-thumbnail","hentry"],"acf":[],"yoast_head":"<!-- This site is optimized with the Yoast SEO plugin v26.9 - https:\/\/yoast.com\/product\/yoast-seo-wordpress\/ -->\n<title>Par mums - Reterra Estate<\/title>\n<meta name=\"robots\" content=\"noindex, follow, max-snippet:-1, max-image-preview:large, max-video-preview:-1\" \/>\n<meta property=\"og:locale\" content=\"lv_LV\" \/>\n<meta property=\"og:type\" content=\"article\" \/>\n<meta property=\"og:title\" content=\"Par mums - Reterra Estate\" \/>\n<meta property=\"og:description\" content=\"Kas m\u0113s esam? M\u016bs paz\u012bst p\u0113c daudz k\u0101, ta\u010du m\u0113s nepaz\u016bdam kop\u0113j\u0101 p\u016bl\u012b. Ar katru jaunu dz\u012bvokli, biroju, pagalmu, ra\u017eo\u0161anas \u0113ku, nekustamo \u012bpa\u0161umu un projektu tiek atv\u0113rta jauna sada\u013ca. Turkl\u0101t m\u016bsu m\u0113r\u0137is ir celt lab\u0101ku n\u0101kotni un veidot vidi, kas saglab\u0101s viengabalain\u012bbu un v\u0113rt\u012bbu gan tagad, gan p\u0113c daudziem gadiem. M\u0113s str\u0101d\u0101jam v\u0113rien\u012bgi, ta\u010du neliel\u0101mies [&hellip;]\" \/>\n<meta property=\"og:url\" content=\"https:\/\/vana.reterra.ee\/ettevottest\/\" \/>\n<meta property=\"og:site_name\" content=\"Reterra Estate\" \/>\n<meta property=\"article:modified_time\" content=\"2024-08-30T12:21:06+00:00\" \/>\n<meta property=\"og:image\" content=\"https:\/\/vana.reterra.ee\/wp-content\/uploads\/2019\/04\/woho.jpg\" \/>\n\t<meta property=\"og:image:width\" content=\"1920\" \/>\n\t<meta property=\"og:image:height\" content=\"769\" \/>\n\t<meta property=\"og:image:type\" content=\"image\/jpeg\" \/>\n<meta name=\"twitter:card\" content=\"summary_large_image\" \/>\n<meta name=\"twitter:label1\" content=\"Est. reading time\" \/>\n\t<meta name=\"twitter:data1\" content=\"2 minutes\" \/>\n<script type=\"application\/ld+json\" class=\"yoast-schema-graph\">{\"@context\":\"https:\/\/schema.org\",\"@graph\":[{\"@type\":\"WebPage\",\"@id\":\"https:\/\/vana.reterra.ee\/ettevottest\/\",\"url\":\"https:\/\/vana.reterra.ee\/ettevottest\/\",\"name\":\"Par mums - Reterra Estate\",\"isPartOf\":{\"@id\":\"https:\/\/vana.reterra.ee\/#website\"},\"primaryImageOfPage\":{\"@id\":\"https:\/\/vana.reterra.ee\/ettevottest\/#primaryimage\"},\"image\":{\"@id\":\"https:\/\/vana.reterra.ee\/ettevottest\/#primaryimage\"},\"thumbnailUrl\":\"https:\/\/vana.reterra.ee\/wp-content\/uploads\/2019\/04\/woho.jpg\",\"datePublished\":\"2019-03-28T08:42:04+00:00\",\"dateModified\":\"2024-08-30T12:21:06+00:00\",\"breadcrumb\":{\"@id\":\"https:\/\/vana.reterra.ee\/ettevottest\/#breadcrumb\"},\"inLanguage\":\"lv-LV\",\"potentialAction\":[{\"@type\":\"ReadAction\",\"target\":[\"https:\/\/vana.reterra.ee\/ettevottest\/\"]}]},{\"@type\":\"ImageObject\",\"inLanguage\":\"lv-LV\",\"@id\":\"https:\/\/vana.reterra.ee\/ettevottest\/#primaryimage\",\"url\":\"https:\/\/vana.reterra.ee\/wp-content\/uploads\/2019\/04\/woho.jpg\",\"contentUrl\":\"https:\/\/vana.reterra.ee\/wp-content\/uploads\/2019\/04\/woho.jpg\",\"width\":1920,\"height\":769},{\"@type\":\"BreadcrumbList\",\"@id\":\"https:\/\/vana.reterra.ee\/ettevottest\/#breadcrumb\",\"itemListElement\":[{\"@type\":\"ListItem\",\"position\":1,\"name\":\"Home\",\"item\":\"https:\/\/vana.reterra.ee\/\"},{\"@type\":\"ListItem\",\"position\":2,\"name\":\"Par mums\"}]},{\"@type\":\"WebSite\",\"@id\":\"https:\/\/vana.reterra.ee\/#website\",\"url\":\"https:\/\/vana.reterra.ee\/\",\"name\":\"Reterra Estate\",\"description\":\"Reterra Estate\",\"potentialAction\":[{\"@type\":\"SearchAction\",\"target\":{\"@type\":\"EntryPoint\",\"urlTemplate\":\"https:\/\/vana.reterra.ee\/?s={search_term_string}\"},\"query-input\":{\"@type\":\"PropertyValueSpecification\",\"valueRequired\":true,\"valueName\":\"search_term_string\"}}],\"inLanguage\":\"lv-LV\"}]}<\/script>\n<!-- \/ Yoast SEO plugin. -->","yoast_head_json":{"title":"Par mums - Reterra Estate","robots":{"index":"noindex","follow":"follow","max-snippet":"max-snippet:-1","max-image-preview":"max-image-preview:large","max-video-preview":"max-video-preview:-1"},"og_locale":"lv_LV","og_type":"article","og_title":"Par mums - Reterra Estate","og_description":"Kas m\u0113s esam? M\u016bs paz\u012bst p\u0113c daudz k\u0101, ta\u010du m\u0113s nepaz\u016bdam kop\u0113j\u0101 p\u016bl\u012b. Ar katru jaunu dz\u012bvokli, biroju, pagalmu, ra\u017eo\u0161anas \u0113ku, nekustamo \u012bpa\u0161umu un projektu tiek atv\u0113rta jauna sada\u013ca. Turkl\u0101t m\u016bsu m\u0113r\u0137is ir celt lab\u0101ku n\u0101kotni un veidot vidi, kas saglab\u0101s viengabalain\u012bbu un v\u0113rt\u012bbu gan tagad, gan p\u0113c daudziem gadiem. M\u0113s str\u0101d\u0101jam v\u0113rien\u012bgi, ta\u010du neliel\u0101mies [&hellip;]","og_url":"https:\/\/vana.reterra.ee\/ettevottest\/","og_site_name":"Reterra Estate","article_modified_time":"2024-08-30T12:21:06+00:00","og_image":[{"width":1920,"height":769,"url":"https:\/\/vana.reterra.ee\/wp-content\/uploads\/2019\/04\/woho.jpg","type":"image\/jpeg"}],"twitter_card":"summary_large_image","twitter_misc":{"Est. reading time":"2 minutes"},"schema":{"@context":"https:\/\/schema.org","@graph":[{"@type":"WebPage","@id":"https:\/\/vana.reterra.ee\/ettevottest\/","url":"https:\/\/vana.reterra.ee\/ettevottest\/","name":"Par mums - Reterra Estate","isPartOf":{"@id":"https:\/\/vana.reterra.ee\/#website"},"primaryImageOfPage":{"@id":"https:\/\/vana.reterra.ee\/ettevottest\/#primaryimage"},"image":{"@id":"https:\/\/vana.reterra.ee\/ettevottest\/#primaryimage"},"thumbnailUrl":"https:\/\/vana.reterra.ee\/wp-content\/uploads\/2019\/04\/woho.jpg","datePublished":"2019-03-28T08:42:04+00:00","dateModified":"2024-08-30T12:21:06+00:00","breadcrumb":{"@id":"https:\/\/vana.reterra.ee\/ettevottest\/#breadcrumb"},"inLanguage":"lv-LV","potentialAction":[{"@type":"ReadAction","target":["https:\/\/vana.reterra.ee\/ettevottest\/"]}]},{"@type":"ImageObject","inLanguage":"lv-LV","@id":"https:\/\/vana.reterra.ee\/ettevottest\/#primaryimage","url":"https:\/\/vana.reterra.ee\/wp-content\/uploads\/2019\/04\/woho.jpg","contentUrl":"https:\/\/vana.reterra.ee\/wp-content\/uploads\/2019\/04\/woho.jpg","width":1920,"height":769},{"@type":"BreadcrumbList","@id":"https:\/\/vana.reterra.ee\/ettevottest\/#breadcrumb","itemListElement":[{"@type":"ListItem","position":1,"name":"Home","item":"https:\/\/vana.reterra.ee\/"},{"@type":"ListItem","position":2,"name":"Par mums"}]},{"@type":"WebSite","@id":"https:\/\/vana.reterra.ee\/#website","url":"https:\/\/vana.reterra.ee\/","name":"Reterra Estate","description":"Reterra Estate","potentialAction":[{"@type":"SearchAction","target":{"@type":"EntryPoint","urlTemplate":"https:\/\/vana.reterra.ee\/?s={search_term_string}"},"query-input":{"@type":"PropertyValueSpecification","valueRequired":true,"valueName":"search_term_string"}}],"inLanguage":"lv-LV"}]}},"_links":{"self":[{"href":"https:\/\/vana.reterra.ee\/lv\/wp-json\/wp\/v2\/pages\/2653","targetHints":{"allow":["GET"]}}],"collection":[{"href":"https:\/\/vana.reterra.ee\/lv\/wp-json\/wp\/v2\/pages"}],"about":[{"href":"https:\/\/vana.reterra.ee\/lv\/wp-json\/wp\/v2\/types\/page"}],"author":[{"embeddable":true,"href":"https:\/\/vana.reterra.ee\/lv\/wp-json\/wp\/v2\/users\/1"}],"replies":[{"embeddable":true,"href":"https:\/\/vana.reterra.ee\/lv\/wp-json\/wp\/v2\/comments?post=2653"}],"version-history":[{"count":1,"href":"https:\/\/vana.reterra.ee\/lv\/wp-json\/wp\/v2\/pages\/2653\/revisions"}],"predecessor-version":[{"id":2663,"href":"https:\/\/vana.reterra.ee\/lv\/wp-json\/wp\/v2\/pages\/2653\/revisions\/2663"}],"wp:featuredmedia":[{"embeddable":true,"href":"https:\/\/vana.reterra.ee\/lv\/wp-json\/wp\/v2\/media\/2654"}],"wp:attachment":[{"href":"https:\/\/vana.reterra.ee\/lv\/wp-json\/wp\/v2\/media?parent=2653"}],"curies":[{"name":"wp","href":"https:\/\/api.w.org\/{rel}","templated":true}]}}